{"id":57,"date":"2015-06-12T15:38:12","date_gmt":"2015-06-12T15:38:12","guid":{"rendered":"http:\/\/hu.nourisheu.com\/?page_id=57"},"modified":"2016-10-25T13:41:54","modified_gmt":"2016-10-25T13:41:54","slug":"tanulasi-lehetosegek","status":"publish","type":"page","link":"https:\/\/hu.nourisheu.com\/?page_id=57","title":{"rendered":"Tanul\u00e1si lehet\u0151s\u00e9gek"},"content":{"rendered":"<p>&lt;p style=&#8221;text-align: left;&#8221;&gt;<div class=\"widget\"><div class=\"widget-title\"><h3 class=\"nomargin\">C\u00c9G\u00dcNKR\u0150L ELHELYEZ\u00c9SEK<\/h3><\/div><div class=\"widget-content\">A t\u00e1pl\u00e1l eu elhelyez\u00e9sek ker\u00fclt sor a m\u00e1sodik \u00e9vben a projekt \u00e9s a be\u00e1gyazott tanul\u00f3k egy ipari k\u00f6rnyezetben, \u00e9lelmiszer-ipari v\u00e1llalkoz\u00e1sok, akik seg\u00edteni gyakorlati tanul\u00e1st helyeket. El\u0151tt elindulna a szakmai gyakorlat, a tanul\u00f3k ig\u00e9nybe a k\u00e9pz\u00e9si \u00e9s az \u00faj k\u00e9szs\u00e9gek, hogy tov\u00e1bb az \u00e9lelmiszer-\u00e1gazatban a foglalkoztat\u00e1si lehet\u0151s\u00e9geket. A tanul\u00f3k voltak edz\u0151je t\u00e9m\u00e1kr\u00f3l levonni egy t\u00e1pl\u00e1ljon eu tanfolyam anyag\u00e1t, amely azt\u00e1n a gyakorlatban megval\u00f3s\u00edtani von\u00e1suk. P\u00e9ld\u00e1ul, \u00cdrorsz\u00e1g, a tanul\u00f3k voltak edz\u0151je a sov\u00e1ny \u00e9s z\u00f6ld t\u00e9ma, amelyben alkalmazt\u00e1k egy r\u00f6vid ellen\u0151rz\u00e9si \u00e9s fejleszt\u00e9si tervet a befogad\u00f3 sz\u00e1m\u00e1ra.&lt;\/p&gt;<br \/>\n&lt;strong&gt;\u00d6sszefoglal\u00e1st ad a tev\u00e9kenys\u00e9gekr\u0151l&lt;\/strong&gt;<br \/>\n&lt;ul&gt;<br \/>\n&lt;li&gt;50 alkalmazott tanul\u00e1si elhelyez\u00e9sek v\u00e9gzett \u00c9szak-\u00cdrorsz\u00e1g, Magyarorsz\u00e1g&lt;\/li&gt;<br \/>\n&lt;li&gt;C\u00e9l &#8211; munkan\u00e9lk\u00fcli feln\u0151ttek&lt;\/li&gt;<br \/>\n&lt;li&gt;A tanul\u00f3k elv\u00e9gezt\u00e9k a 60 \u00f3r\u00e1s tanul\u00e1si elhelyez\u00e9s&lt;\/li&gt;<br \/>\n&lt;\/ul&gt;<br \/>\n&lt;strong&gt;&lt;span lang=&#8221;hu&#8221;&gt;Vonzza a &lt;\/span&gt;&lt;span lang=&#8221;hu&#8221;&gt;tanul\u00f3k&lt;\/span&gt;&lt;\/strong&gt;<br \/>\n&lt;ul&gt;<br \/>\n&lt;li&gt;Hasznos\u00edt\u00e1s\u00fa kapcsolatok f\u0151iskol\u00e1k&lt;\/li&gt;<br \/>\n&lt;li&gt;Csatlakozva a helyi \u00e9s region\u00e1lis munka\u00fcgyi k\u00f6zpontok \u00e9s int\u00e9zetek&lt;\/li&gt;<br \/>\n&lt;li&gt;Terjeszt\u00e9se &#8211; a szoci\u00e1lis m\u00e9dia, stb&lt;\/li&gt;<br \/>\n&lt;li&gt;Vonzza fogad\u00f3 c\u00e9gek&lt;\/li&gt;<br \/>\n&lt;\/ul&gt;<br \/>\nBevont v\u00e1llalatok a strat\u00e9giai partners\u00e9gek, amennyiben a legt\u00f6bb munk\u00e1t elhelyez\u00e9sek<\/div><\/div>\n<div class=\"widget\"><div class=\"widget-title\"><h3 class=\"nomargin\"><\/h3><\/div><div class=\"widget-content\">\n<div class=\"boxed-slider themex-slider\"><ul><li><img decoding=\"async\" src=\"http:\/\/nourisheu.com\/wp-content\/uploads\/2015\/02\/Fergal-pictured-with-half-of-the-group.jpg\" alt=\"\" \/><div class=\"caption\">Igazol\u00e1sok bemutat\u00e1sa n\u00e9h\u00e1ny \u00edr R\u00e9sztvev\u0151k<\/div><\/li><li><img decoding=\"async\" src=\"http:\/\/nourisheu.com\/wp-content\/uploads\/2015\/02\/Learners-and-Fergal.jpg\" alt=\"\" \/><div class=\"caption\">\u00cdr r\u00e9sztvev\u0151k k\u00e9pz\u00e9sr\u0151l<\/div><\/li><li><img decoding=\"async\" src=\"http:\/\/nourisheu.com\/wp-content\/uploads\/2015\/02\/Photo-2.jpg\" alt=\"\" \/><div class=\"caption\">&lt;span lang=&#8221;hu&#8221;&gt;Tanul\u00f3k \u00c9szak-\u00cdrorsz\u00e1g&lt;\/span&gt;<\/div><\/li><li><img decoding=\"async\" src=\"http:\/\/nourisheu.com\/wp-content\/uploads\/2015\/02\/Photo-3.jpg\" alt=\"\" \/><div class=\"caption\">&lt;span lang=&#8221;hu&#8221;&gt;Tanul\u00f3k \u00c9szak-\u00cdrorsz\u00e1g&lt;\/span&gt;<\/div><\/li><li><img decoding=\"async\" src=\"http:\/\/nourisheu.com\/wp-content\/uploads\/2015\/02\/IMG_20160824_083109.jpg\" alt=\"\" \/><div class=\"caption\">\u00a0&lt;span lang=&#8221;hu&#8221;&gt;Tanul\u00f3 elhelyezett Magyarorsz\u00e1gon&lt;\/span&gt;<\/div><\/li><li><img decoding=\"async\" src=\"http:\/\/nourisheu.com\/wp-content\/uploads\/2015\/02\/IMG_20160825_123129.jpg\" alt=\"\" \/><div class=\"caption\">\u00a0&lt;span lang=&#8221;hu&#8221;&gt;Tanul\u00f3 elhelyezett Magyarorsz\u00e1gon&lt;\/span&gt;<\/div><\/li><li><img decoding=\"async\" src=\"http:\/\/nourisheu.com\/wp-content\/uploads\/2015\/02\/Learning-placement-company-recruit-flyer.jpg\" alt=\"\" \/><div class=\"caption\">Tanul\u00e1si elhelyez\u00e9s c\u00e9g toborz\u00e1si sz\u00f3r\u00f3lap<\/div><\/li><\/ul><input type=\"hidden\" class=\"slider-pause\" value=\"0\" \/><input type=\"hidden\" class=\"slider-speed\" value=\"400\" \/><div class=\"arrow arrow-left\"><\/div><div class=\"arrow arrow-right\"><\/div><\/div>\n<\/div><\/div>\n","protected":false},"excerpt":{"rendered":"<p>&lt;p style=&#8221;text-align: left;&#8221;&gt;<\/p>\n","protected":false},"author":1,"featured_media":0,"parent":24,"menu_order":0,"comment_status":"open","ping_status":"closed","template":"","meta":{"footnotes":""},"class_list":["post-57","page","type-page","status-publish","hentry"],"_links":{"self":[{"href":"https:\/\/hu.nourisheu.com\/index.php?rest_route=\/wp\/v2\/pages\/57","targetHints":{"allow":["GET"]}}],"collection":[{"href":"https:\/\/hu.nourisheu.com\/index.php?rest_route=\/wp\/v2\/pages"}],"about":[{"href":"https:\/\/hu.nourisheu.com\/index.php?rest_route=\/wp\/v2\/types\/page"}],"author":[{"embeddable":true,"href":"https:\/\/hu.nourisheu.com\/index.php?rest_route=\/wp\/v2\/users\/1"}],"replies":[{"embeddable":true,"href":"https:\/\/hu.nourisheu.com\/index.php?rest_route=%2Fwp%2Fv2%2Fcomments&post=57"}],"version-history":[{"count":2,"href":"https:\/\/hu.nourisheu.com\/index.php?rest_route=\/wp\/v2\/pages\/57\/revisions"}],"predecessor-version":[{"id":92,"href":"https:\/\/hu.nourisheu.com\/index.php?rest_route=\/wp\/v2\/pages\/57\/revisions\/92"}],"up":[{"embeddable":true,"href":"https:\/\/hu.nourisheu.com\/index.php?rest_route=\/wp\/v2\/pages\/24"}],"wp:attachment":[{"href":"https:\/\/hu.nourisheu.com\/index.php?rest_route=%2Fwp%2Fv2%2Fmedia&parent=57"}],"curies":[{"name":"wp","href":"https:\/\/api.w.org\/{rel}","templated":true}]}}