{"id":41,"date":"2015-06-12T15:04:45","date_gmt":"2015-06-12T15:04:45","guid":{"rendered":"http:\/\/hu.nourisheu.com\/?page_id=41"},"modified":"2015-06-12T15:36:49","modified_gmt":"2015-06-12T15:36:49","slug":"legy-naprakesz","status":"publish","type":"page","link":"https:\/\/hu.nourisheu.com\/?page_id=41","title":{"rendered":"L\u00e9gy naprak\u00e9sz"},"content":{"rendered":"<div class=\"sixcol column\"><div class=\"widget\"><div class=\"widget-title\"><h3 class=\"nomargin\">Regisztr\u00e1ljon, hogy mindig friss h\u00edrei legyenek a projektr\u0151l!<\/h3><\/div><div class=\"widget-content\">\n<div id=\"mc_embed_signup\">\n<form id=\"mc-embedded-subscribe-form\" class=\"validate\" action=\"\/\/nourisheu.us9.list-manage.com\/subscribe\/post?u=c6bea5512109a7ca87dae67e2&amp;id=ae1eb93cb7\" method=\"post\" name=\"mc-embedded-subscribe-form\" novalidate=\"\" target=\"_blank\">\n<div id=\"mc_embed_signup_scroll\">\n<h2>Iratkozzon fel levelez\u0151list\u00e1nkra!<\/h2>\n<div class=\"indicates-required\"><span class=\"asterisk\">*k\u00f6telez\u0151<\/span><\/div>\n<div class=\"mc-field-group\"><label for=\"mce-EMAIL\">Email c\u00edm<span class=\"asterisk\">*<\/span><br \/>\n<\/label><br \/>\n<input id=\"mce-EMAIL\" class=\"required email\" name=\"EMAIL\" type=\"email\" value=\"\" \/><\/div>\n<div class=\"mc-field-group\"><label for=\"mce-FNAME\">Vezet\u00e9kn\u00e9v <\/label><br \/>\n<input id=\"mce-FNAME\" class=\"\" name=\"FNAME\" type=\"text\" value=\"\" \/><\/div>\n<div class=\"mc-field-group\"><label for=\"mce-LNAME\">Keresztn\u00e9v <\/label><br \/>\n<input id=\"mce-LNAME\" class=\"\" name=\"LNAME\" type=\"text\" value=\"\" \/><\/div>\n<div id=\"mce-responses\" class=\"clear\"><\/div>\n<p><!-- real people should not fill this in and expect good things - do not remove this or risk form bot signups--><\/p>\n<div style=\"position: absolute; left: -5000px;\"><input tabindex=\"-1\" name=\"b_c6bea5512109a7ca87dae67e2_ae1eb93cb7\" type=\"text\" value=\"\" \/><\/div>\n<div class=\"clear\"><input id=\"mc-embedded-subscribe\" class=\"button\" name=\"subscribe\" type=\"submit\" value=\"el\u0151fizet\" \/><\/div>\n<\/div>\n<\/form>\n<\/div>\n<p><!--End mc_embed_signup--><\/div><\/div>\n<p>&nbsp;<\/p>\n<div class=\"widget\"><div class=\"widget-title\"><h3 class=\"nomargin\">K\u00f6vessen minket Facebookon<\/h3><\/div><div class=\"widget-content\">\n<p><iframe loading=\"lazy\" style=\"overflow: hidden; width: 250px; height: 50px;\" src=\"\/\/www.facebook.com\/plugins\/likebox.php?href=http%3A%2F%2Fwww.facebook.com%2Fnourisheu&amp;width=250&amp;height=190&amp;colorscheme=light&amp;border_color&amp;header=true\" width=\"300\" height=\"50\" frameborder=\"0\" scrolling=\"no\"><\/iframe><\/p>\n<\/div><\/div><\/div>\n<div class=\"sixcol column last\"><div class=\"widget\"><div class=\"widget-title\"><h3 class=\"nomargin\">nourish eu  Partnerek<\/h3><\/div><div class=\"widget-content\">\n<h4 style=\"text-align: center;\">\u00a0 \u00a0Egyes\u00fclt Kir\u00e1lys\u00e1g \u00a0 \u00a0 \u00a0 \u00a0 \u00a0 \u00a0 \u00a0 \u00a0 \u00a0 \u00a0 \u00a0 \u00a0 \u00a0 \u00a0 Egyes\u00fclt Kir\u00e1lys\u00e1g<\/h4>\n<p style=\"text-align: center;\"><a href=\"http:\/\/nourisheu.com\/wp-content\/uploads\/2015\/01\/Cido.jpg\"><img loading=\"lazy\" decoding=\"async\" class=\"wp-image-2213 alignnone\" src=\"http:\/\/nourisheu.com\/wp-content\/uploads\/2015\/01\/Cido.jpg\" alt=\"Cido\" width=\"100\" height=\"71\" \/><\/a>\u00a0 \u00a0 \u00a0 \u00a0 \u00a0 \u00a0 \u00a0 \u00a0 \u00a0 \u00a0 \u00a0 \u00a0 \u00a0 \u00a0 \u00a0 \u00a0 \u00a0 \u00a0 \u00a0 \u00a0 \u00a0<a href=\"http:\/\/nourisheu.com\/wp-content\/uploads\/2015\/01\/Canice-logo.jpg\"><img loading=\"lazy\" decoding=\"async\" class=\"alignnone wp-image-2226\" src=\"http:\/\/nourisheu.com\/wp-content\/uploads\/2015\/01\/Canice-logo.jpg\" alt=\"Canice-logo\" width=\"100\" height=\"71\" \/><\/a><\/p>\n<p style=\"text-align: center;\">\u00a0 \u00a0 \u00a0 \u00a0 \u00a0 \u00a0 \u00a0 \u00a0\u00a0<a href=\"http:\/\/www.cido.co.uk\">www.cido.co.uk\u00a0 <\/a>\u00a0 \u00a0 \u00a0 \u00a0 \u00a0 \u00a0 \u00a0 \u00a0 \u00a0 \u00a0 \u00a0 \u00a0 \u00a0 \u00a0 \u00a0 \u00a0 \u00a0 \u00a0 \u00a0\u00a0<a href=\"http:\/\/www.caniceconsulting.com\">www.caniceconsulting.com<\/a><\/p>\n<hr \/>\n<h4 style=\"text-align: center;\">Ireland \u00a0 \u00a0 \u00a0 \u00a0 \u00a0 \u00a0 \u00a0 \u00a0 \u00a0 \u00a0 \u00a0 \u00a0 \u00a0 \u00a0 \u00a0 \u00a0 \u00a0 \u00a0 \u00a0 \u00a0\u00cdrorsz\u00e1g<\/h4>\n<p style=\"text-align: center;\"><a href=\"http:\/\/nourisheu.com\/wp-content\/uploads\/2015\/01\/momentum-new-logo.jpg\"><img loading=\"lazy\" decoding=\"async\" class=\"alignnone wp-image-2221\" src=\"http:\/\/nourisheu.com\/wp-content\/uploads\/2015\/01\/momentum-new-logo.jpg\" alt=\"momentum-new-logo\" width=\"100\" height=\"71\" \/><\/a>\u00a0 \u00a0 \u00a0 \u00a0 \u00a0 \u00a0 \u00a0 \u00a0 \u00a0 \u00a0 \u00a0 \u00a0 \u00a0 \u00a0 \u00a0 \u00a0 \u00a0 \u00a0 \u00a0 \u00a0\u00a0<a href=\"http:\/\/nourisheu.com\/wp-content\/uploads\/2015\/01\/food-hub-logo.jpg\"><img loading=\"lazy\" decoding=\"async\" class=\"alignnone wp-image-2219\" src=\"http:\/\/nourisheu.com\/wp-content\/uploads\/2015\/01\/food-hub-logo.jpg\" alt=\"food-hub-logo\" width=\"100\" height=\"71\" \/><\/a><\/p>\n<p style=\"text-align: center;\"><a href=\"http:\/\/www.momentumconsulting.ie\/\">www.momentumconsulting.ie<\/a>\u00a0 \u00a0 \u00a0 \u00a0 \u00a0 \u00a0 \u00a0 \u00a0<a href=\"http:\/\/www.thefoodhub.com\">www.thefoodhub.com<\/a><\/p>\n<hr \/>\n<h4 style=\"text-align: center; padding-left: 30px;\">\u00a0Bulg\u00e1ria \u00a0 \u00a0 \u00a0 \u00a0 \u00a0 \u00a0 \u00a0 \u00a0 \u00a0 \u00a0 \u00a0 \u00a0 \u00a0 \u00a0 \u00a0 \u00a0 \u00a0 \u00a0 \u00a0 \u00a0 \u00a0 Magyarorsz\u00e1g<\/h4>\n<p style=\"text-align: center;\">\u00a0 \u00a0 \u00a0 \u00a0 \u00a0 \u00a0\u00a0<a href=\"http:\/\/nourisheu.com\/wp-content\/uploads\/2015\/01\/epf-logo.jpg\"><img loading=\"lazy\" decoding=\"async\" class=\"wp-image-2228\" src=\"http:\/\/nourisheu.com\/wp-content\/uploads\/2015\/01\/epf-logo.jpg\" alt=\"epf-logo\" width=\"100\" height=\"71\" \/><\/a>\u00a0 \u00a0 \u00a0 \u00a0 \u00a0 \u00a0 \u00a0 \u00a0 \u00a0 \u00a0 \u00a0 \u00a0 \u00a0 \u00a0 \u00a0 \u00a0 \u00a0 \u00a0 \u00a0 \u00a0 \u00a0 \u00a0 \u00a0 \u00a0<a href=\"http:\/\/nourisheu.com\/wp-content\/uploads\/2015\/01\/VM-KASZK-Logo1.png\"><img loading=\"lazy\" decoding=\"async\" class=\"alignnone wp-image-2321\" src=\"http:\/\/nourisheu.com\/wp-content\/uploads\/2015\/01\/VM-KASZK-Logo1.png\" alt=\"VM KASZK Logo\" width=\"100\" height=\"71\" \/><\/a><br \/>\n<a href=\"http:\/\/www.europerspectives.org\">www.europerspectives.org<\/a>\u00a0 \u00a0 \u00a0 \u00a0 \u00a0 \u00a0 \u00a0 \u00a0 \u00a0 \u00a0 \u00a0 \u00a0 \u00a0 \u00a0 \u00a0 \u00a0 \u00a0\u00a0<a href=\"http:\/\/www.kaszk.hu\">www.kaszk.hu<\/a><\/p>\n<p>&nbsp;<\/p>\n<\/div><\/div>\n<\/div><div class=\"clear\"><\/div>\n<hr \/>\n<p>&nbsp;<\/p>\n","protected":false},"excerpt":{"rendered":"<p>&nbsp;<\/p>\n","protected":false},"author":1,"featured_media":0,"parent":0,"menu_order":0,"comment_status":"open","ping_status":"open","template":"","meta":{"footnotes":""},"class_list":["post-41","page","type-page","status-publish","hentry"],"_links":{"self":[{"href":"https:\/\/hu.nourisheu.com\/index.php?rest_route=\/wp\/v2\/pages\/41","targetHints":{"allow":["GET"]}}],"collection":[{"href":"https:\/\/hu.nourisheu.com\/index.php?rest_route=\/wp\/v2\/pages"}],"about":[{"href":"https:\/\/hu.nourisheu.com\/index.php?rest_route=\/wp\/v2\/types\/page"}],"author":[{"embeddable":true,"href":"https:\/\/hu.nourisheu.com\/index.php?rest_route=\/wp\/v2\/users\/1"}],"replies":[{"embeddable":true,"href":"https:\/\/hu.nourisheu.com\/index.php?rest_route=%2Fwp%2Fv2%2Fcomments&post=41"}],"version-history":[{"count":5,"href":"https:\/\/hu.nourisheu.com\/index.php?rest_route=\/wp\/v2\/pages\/41\/revisions"}],"predecessor-version":[{"id":56,"href":"https:\/\/hu.nourisheu.com\/index.php?rest_route=\/wp\/v2\/pages\/41\/revisions\/56"}],"wp:attachment":[{"href":"https:\/\/hu.nourisheu.com\/index.php?rest_route=%2Fwp%2Fv2%2Fmedia&parent=41"}],"curies":[{"name":"wp","href":"https:\/\/api.w.org\/{rel}","templated":true}]}}