{"id":33,"date":"2015-06-12T14:24:55","date_gmt":"2015-06-12T14:24:55","guid":{"rendered":"http:\/\/hu.nourisheu.com\/?page_id=33"},"modified":"2016-10-25T13:41:15","modified_gmt":"2016-10-25T13:41:15","slug":"tudasbazis","status":"publish","type":"page","link":"https:\/\/hu.nourisheu.com\/?page_id=33","title":{"rendered":"Tud\u00e1sb\u00e1zis"},"content":{"rendered":"<div class=\"ead-document\"><iframe src=\"\/\/docs.google.com\/viewer?url=https%3A%2F%2Fhu.nourisheu.com%2Fwp-content%2Fuploads%2F2015%2F06%2FNourish-eu-k%C3%A9zik%C3%B6nyv-partneri-egy%C3%BCttm%C5%B1k%C3%B6d%C3%A9s-kialakt%C3%A1s%C3%A1hoz.pdf&embedded=true&hl=en\" style=\"width:100%; height:1000px; border: none;\"><\/iframe><p class=\"embed_download\"><a href=\"https:\/\/hu.nourisheu.com\/wp-content\/uploads\/2015\/06\/Nourish-eu-k\u00e9zik\u00f6nyv-partneri-egy\u00fcttm\u0171k\u00f6d\u00e9s-kialakt\u00e1s\u00e1hoz.pdf\" download >Download [1.46 MB] <\/a><\/p><\/div>\n","protected":false},"excerpt":{"rendered":"","protected":false},"author":1,"featured_media":0,"parent":24,"menu_order":0,"comment_status":"open","ping_status":"open","template":"","meta":{"footnotes":""},"class_list":["post-33","page","type-page","status-publish","hentry"],"_links":{"self":[{"href":"https:\/\/hu.nourisheu.com\/index.php?rest_route=\/wp\/v2\/pages\/33","targetHints":{"allow":["GET"]}}],"collection":[{"href":"https:\/\/hu.nourisheu.com\/index.php?rest_route=\/wp\/v2\/pages"}],"about":[{"href":"https:\/\/hu.nourisheu.com\/index.php?rest_route=\/wp\/v2\/types\/page"}],"author":[{"embeddable":true,"href":"https:\/\/hu.nourisheu.com\/index.php?rest_route=\/wp\/v2\/users\/1"}],"replies":[{"embeddable":true,"href":"https:\/\/hu.nourisheu.com\/index.php?rest_route=%2Fwp%2Fv2%2Fcomments&post=33"}],"version-history":[{"count":5,"href":"https:\/\/hu.nourisheu.com\/index.php?rest_route=\/wp\/v2\/pages\/33\/revisions"}],"predecessor-version":[{"id":91,"href":"https:\/\/hu.nourisheu.com\/index.php?rest_route=\/wp\/v2\/pages\/33\/revisions\/91"}],"up":[{"embeddable":true,"href":"https:\/\/hu.nourisheu.com\/index.php?rest_route=\/wp\/v2\/pages\/24"}],"wp:attachment":[{"href":"https:\/\/hu.nourisheu.com\/index.php?rest_route=%2Fwp%2Fv2%2Fmedia&parent=33"}],"curies":[{"name":"wp","href":"https:\/\/api.w.org\/{rel}","templated":true}]}}