{"id":14,"date":"2015-06-12T13:06:35","date_gmt":"2015-06-12T13:06:35","guid":{"rendered":"http:\/\/hu.nourisheu.com\/?page_id=14"},"modified":"2015-06-12T13:06:35","modified_gmt":"2015-06-12T13:06:35","slug":"a-projektrol","status":"publish","type":"page","link":"https:\/\/hu.nourisheu.com\/?page_id=14","title":{"rendered":"A projektr\u0151l"},"content":{"rendered":"<h2><div class=\"widget\"><div class=\"widget-title\"><h3 class=\"nomargin\">A NourishEU projekt megalakul\u00e1s\u00e1t k\u00e9t szorosan \u00f6sszef\u00fcgg\u0151 probl\u00e9ma motiv\u00e1lta. <\/h3><\/div><div class=\"widget-content\">. Els\u0151k\u00e9nt az a t\u00e9ny, hogy az Eur\u00f3pai Uni\u00f3 feln\u0151tt lakoss\u00e1g\u00e1nak t\u00f6bb, mint fele (52%-a, OECD) t\u00fals\u00falyos vagy elh\u00edzott. A m\u00e1sodik, hogy a szeg\u00e9nyes t\u00e1pl\u00e1lkoz\u00e1s egyre elterjedtebb Eur\u00f3p\u00e1ban. 2013-as adatok alapj\u00e1n 116 milli\u00f3 eur\u00f3pai lakost vesz\u00e9lyeztet a szeg\u00e9nys\u00e9g vagy t\u00e1rsadalmi kirekeszt\u00e9s \u00e9s 40 milli\u00f3an k\u00e9nytekenek n\u00e9lk\u00fcl\u00f6zni.<\/div><\/div><\/h2>\n<p>K\u00f6ztudom\u00e1s\u00fa, hogy a legeg\u00e9szs\u00e9gtelenebb \u00e9telek a legolcs\u00f3bbak. Ez a k\u00e9t kih\u00edv\u00e1s az \u00e9lelmiszer-szektor v\u00e1llalkoz\u00f3inak lehet\u0151s\u00e9get teremt eg\u00e9szs\u00e9ges \u00e9s anyagilag megengedhet\u0151 \u00e9telek kifejleszt\u00e9s\u00e9re \u00e9s \u00faj disztrib\u00faci\u00f3s \u00fatvonalak l\u00e9trehoz\u00e1s\u00e1ra. Azonban a kis- \u00e9s k\u00f6z\u00e9pv\u00e1llalkoz\u00e1sok nem reag\u00e1ltak kell\u0151 gyorsas\u00e1ggal, mert nem rendelkeznek kell\u0151 szakmai tapasztalattal \u00e9s kapacit\u00e1ssal, hogy \u00faj fejleszt\u00e9seket hozzanak l\u00e9tre az eg\u00e9szs\u00e9ges \u00e9telek gy\u00e1rt\u00e1s\u00e1ba, terjeszt\u00e9s\u00e9be \u00e9s marketingj\u00e9be.<\/p>\n<h3>C\u00e9ljaink el\u00e9r\u00e9se \u00e9rdek\u00e9ben a k\u00f6vetkez\u0151 l\u00e9p\u00e9seket tessz\u00fck:<\/h3>\n<ul>\n<li>4 orsz\u00e1gban alak\u00edtottunk ki a v\u00e1ltozatos \u00e9s eg\u00e9szs\u00e9ges t\u00e1pl\u00e1lkoz\u00e1ssal foglalkoz\u00f3 sz\u00f6vets\u00e9geseket (N. Ireland\/UK, Ireland, Bulgaria, Hungary)<\/li>\n<li>Szabad hozz\u00e1f\u00e9r\u00e9st biztos\u00edtunk az eur\u00f3pai kis- \u00e9s k\u00f6z\u00e9pv\u00e1llalkoz\u00e1sok sz\u00e1m\u00e1ra egy internetes tanul\u00e1si lehet\u0151s\u00e9ghez, felk\u00e9sz\u00edtj\u00fck \u0151ket azokra a speci\u00e1lis kih\u00edv\u00e1sokra, amelyekre \u00faj fejleszt\u00e9sek \u00e9s kreat\u00edv m\u00f3dszerek bevezet\u00e9s\u00e9n\u00e9l lesz sz\u00fcks\u00e9g\u00fck<\/li>\n<li>Az innovat\u00edv piacra felk\u00e9sz\u00edt\u0151, foglalkoztatotts\u00e1got n\u00f6vel\u0151 moduljainkat fiatal munkan\u00e9lk\u00fcliek sz\u00e1m\u00e1ra is sz\u00e1njuk. Ez egy ipar\u00e1gra specializ\u00e1l\u00f3dott k\u00e9pz\u00e9s lessz, amelyet kis- \u00e9s k\u00f6z\u00e9pv\u00e1llalkoz\u00e1sok vezet\u0151i fognak tartani gyakorlati helyek biztos\u00edt\u00e1s\u00e1val, azon fiatalok sz\u00e1m\u00e1ra, akik elk\u00f6telezettek \u00faj ismeretek elsaj\u00e1t\u00edt\u00e1s\u00e1ra.<\/li>\n<\/ul>\n","protected":false},"excerpt":{"rendered":"<p>K\u00f6ztudom\u00e1s\u00fa, hogy a legeg\u00e9szs\u00e9gtelenebb \u00e9telek a legolcs\u00f3bbak. Ez a k\u00e9t kih\u00edv\u00e1s az \u00e9lelmiszer-szektor v\u00e1llalkoz\u00f3inak lehet\u0151s\u00e9get teremt eg\u00e9szs\u00e9ges \u00e9s anyagilag megengedhet\u0151 \u00e9telek kifejleszt\u00e9s\u00e9re \u00e9s \u00faj disztrib\u00faci\u00f3s \u00fatvonalak l\u00e9trehoz\u00e1s\u00e1ra. Azonban a kis- \u00e9s k\u00f6z\u00e9pv\u00e1llalkoz\u00e1sok nem reag\u00e1ltak kell\u0151 gyorsas\u00e1ggal, mert nem rendelkeznek kell\u0151 szakmai tapasztalattal \u00e9s kapacit\u00e1ssal, hogy \u00faj fejleszt\u00e9seket hozzanak l\u00e9tre az eg\u00e9szs\u00e9ges \u00e9telek gy\u00e1rt\u00e1s\u00e1ba, terjeszt\u00e9s\u00e9be \u00e9s [&hellip;]<\/p>\n","protected":false},"author":1,"featured_media":0,"parent":12,"menu_order":0,"comment_status":"open","ping_status":"open","template":"","meta":{"footnotes":""},"class_list":["post-14","page","type-page","status-publish","hentry"],"_links":{"self":[{"href":"https:\/\/hu.nourisheu.com\/index.php?rest_route=\/wp\/v2\/pages\/14","targetHints":{"allow":["GET"]}}],"collection":[{"href":"https:\/\/hu.nourisheu.com\/index.php?rest_route=\/wp\/v2\/pages"}],"about":[{"href":"https:\/\/hu.nourisheu.com\/index.php?rest_route=\/wp\/v2\/types\/page"}],"author":[{"embeddable":true,"href":"https:\/\/hu.nourisheu.com\/index.php?rest_route=\/wp\/v2\/users\/1"}],"replies":[{"embeddable":true,"href":"https:\/\/hu.nourisheu.com\/index.php?rest_route=%2Fwp%2Fv2%2Fcomments&post=14"}],"version-history":[{"count":1,"href":"https:\/\/hu.nourisheu.com\/index.php?rest_route=\/wp\/v2\/pages\/14\/revisions"}],"predecessor-version":[{"id":15,"href":"https:\/\/hu.nourisheu.com\/index.php?rest_route=\/wp\/v2\/pages\/14\/revisions\/15"}],"up":[{"embeddable":true,"href":"https:\/\/hu.nourisheu.com\/index.php?rest_route=\/wp\/v2\/pages\/12"}],"wp:attachment":[{"href":"https:\/\/hu.nourisheu.com\/index.php?rest_route=%2Fwp%2Fv2%2Fmedia&parent=14"}],"curies":[{"name":"wp","href":"https:\/\/api.w.org\/{rel}","templated":true}]}}